{"id":4638,"date":"2025-04-25T10:12:42","date_gmt":"2025-04-25T09:12:42","guid":{"rendered":"https:\/\/menzimuck.sk\/de\/?page_id=4638"},"modified":"2025-05-27T15:53:01","modified_gmt":"2025-05-27T14:53:01","slug":"pravidla-pouzivania-cookies","status":"publish","type":"page","link":"https:\/\/menzimuck.sk\/de\/pravidla-pouzivania-cookies\/","title":{"rendered":"Pravidl\u00e1 pou\u017e\u00edvania cookies"},"content":{"rendered":"<div class=\"wpb-content-wrapper\"><p>[vc_row tm_bgimagefixed=&#8220;&#8220; css=&#8220;.vc_custom_1745571087391{padding-top: 30px !important;padding-bottom: 49px !important;}&#8220;][vc_column]<h1 style=\"text-align:left;\" class=\"tm-custom-heading \" >Cookie-Erkl\u00e4rung<\/h1>\n[\/vc_column][\/vc_row][vc_row tm_bgimagefixed=&#8220;&#8220;][vc_column reduce_extra_padding=&#8220;1200&#8243;][vc_column_text css=&#8220;&#8220;]Diese Website verwendet Cookies, um ihr ordnungsgem\u00e4\u00dfes Funktionieren zu gew\u00e4hrleisten, um Inhalte zu personalisieren, um Funktionen f\u00fcr soziale Medien bereitzustellen und um den Datenverkehr zu analysieren. Cookies sind kleine Textdateien, die auf Ihrem Ger\u00e4t gespeichert werden, wenn Sie eine Website besuchen.<\/p>\n<h2>1. F\u00fcr die Verarbeitung Verantwortlicher<\/h2>\n<p>Firma: <strong>Menzi Muck SLOVAKIA, a.s.<\/strong><br \/>\nVerantwortlicher: <strong>Ing. Mari\u00e1n \u010cerve\u0148ansk\u00fd<\/strong><br \/>\nE-mail: info@menzimuck.sk<\/p>\n<h2>2. Was sind Cookies?<\/h2>\n<p>Cookies sind Daten, die eine Website in Ihrem Browser oder auf Ihrem Ger\u00e4t speichert. Sie erm\u00f6glichen es Websites, sich an Ihre Pr\u00e4ferenzen zu erinnern, wie z. B. Sprache, Anmeldedaten oder Einstellungen des Aussehens.<\/p>\n<h2>3. Arten der von uns verwendeten Cookies<\/h2>\n<ul>\n<li><strong>Essenzielle Cookies<\/strong> \u2013 notwendig f\u00fcr das ordnungsgem\u00e4\u00dfe Funktionieren der Website (z. B. Einloggen, Speichern von Einstellungen).<\/li>\n<li><strong>Pr\u00e4ferenz-Cookies<\/strong> \u2013 erm\u00f6glichen es uns, Ihre Pr\u00e4ferenzen zu speichern.<\/li>\n<li><strong>Analytische Cookies<\/strong> \u2013 helfen uns, die Website zu verbessern, indem wir anonyme Daten \u00fcber das Nutzerverhalten sammeln.<\/li>\n<li><strong>Marketing-Cookies<\/strong> \u2013 werden verwendet, um relevante Werbung anzuzeigen und die Wirksamkeit von Werbekampagnen zu messen.<\/li>\n<\/ul>\n<h2>4. Cookie-Verwendung-Einwilligung<\/h2>\n<p>Wenn Sie unsere Website zum ersten Mal besuchen, bitten wir Sie um Ihre Zustimmung zur Verwendung von Cookies, die Sie jederzeit \u00fcber die Einstellungen Ihres Browsers oder durch Klicken auf diesen Link \u00e4ndern oder <a class=\"cky-banner-element\" href=\"#\">widerrufen k\u00f6nnen.<\/a><\/p>\n<h2>5. Cookies pr\u00fcfen und l\u00f6schen<\/h2>\n<p>Die meisten Webbrowser sind so voreingestellt, dass sie Cookies automatisch akzeptieren. Sie k\u00f6nnen jedoch die Einstellungen \u00e4ndern und Cookies ablehnen oder l\u00f6schen. In diesem Fall kann es jedoch vorkommen, dass einige Teile der Website nicht richtig funktionieren.<\/p>\n<h2>6. Tabelle der Cookies<\/h2>\n<p>Nachstehend finden Sie einen \u00dcberblick \u00fcber alle derzeit verwendeten Cookies, einschlie\u00dflich ihres Zwecks, ihrer G\u00fcltigkeit und ihrer Kategorie:<\/p>\n<div class=\"cky-audit-table-element\"><\/div>\n<p>[\/vc_column_text][\/vc_column][\/vc_row]<\/p>\n<\/div>","protected":false},"excerpt":{"rendered":"<p>[vc_row tm_bgimagefixed=&#8220;&#8220; css=&#8220;.vc_custom_1745571087391{padding-top: 30px !important;padding-bottom: 49px !important;}&#8220;][vc_column][\/vc_column][\/vc_row][vc_row tm_bgimagefixed=&#8220;&#8220;][vc_column reduce_extra_padding=&#8220;1200&#8243;][vc_column_text css=&#8220;&#8220;]Diese Website verwendet Cookies, um ihr ordnungsgem\u00e4\u00dfes Funktionieren zu gew\u00e4hrleisten, um Inhalte zu personalisieren, um Funktionen f\u00fcr soziale Medien bereitzustellen und um den Datenverkehr zu analysieren. Cookies sind kleine Textdateien, die auf Ihrem Ger\u00e4t gespeichert werden, wenn Sie eine Website besuchen. 1. F\u00fcr die Verarbeitung Verantwortlicher &hellip; <a href=\"https:\/\/menzimuck.sk\/de\/pravidla-pouzivania-cookies\/\" class=\"more-link\">Continue reading <span class=\"screen-reader-text\">Pravidl\u00e1 pou\u017e\u00edvania cookies<\/span><\/a><\/p>\n","protected":false},"author":1,"featured_media":0,"parent":0,"menu_order":0,"comment_status":"closed","ping_status":"open","template":"","meta":{"inline_featured_image":false,"_monsterinsights_skip_tracking":false,"_monsterinsights_sitenote_active":false,"_monsterinsights_sitenote_note":"","_monsterinsights_sitenote_category":0,"footnotes":""},"class_list":["post-4638","page","type-page","status-publish","hentry"],"_links":{"self":[{"href":"https:\/\/menzimuck.sk\/de\/wp-json\/wp\/v2\/pages\/4638","targetHints":{"allow":["GET"]}}],"collection":[{"href":"https:\/\/menzimuck.sk\/de\/wp-json\/wp\/v2\/pages"}],"about":[{"href":"https:\/\/menzimuck.sk\/de\/wp-json\/wp\/v2\/types\/page"}],"author":[{"embeddable":true,"href":"https:\/\/menzimuck.sk\/de\/wp-json\/wp\/v2\/users\/1"}],"replies":[{"embeddable":true,"href":"https:\/\/menzimuck.sk\/de\/wp-json\/wp\/v2\/comments?post=4638"}],"version-history":[{"count":13,"href":"https:\/\/menzimuck.sk\/de\/wp-json\/wp\/v2\/pages\/4638\/revisions"}],"predecessor-version":[{"id":4739,"href":"https:\/\/menzimuck.sk\/de\/wp-json\/wp\/v2\/pages\/4638\/revisions\/4739"}],"wp:attachment":[{"href":"https:\/\/menzimuck.sk\/de\/wp-json\/wp\/v2\/media?parent=4638"}],"curies":[{"name":"wp","href":"https:\/\/api.w.org\/{rel}","templated":true}]}}