{"id":3926,"date":"2025-02-17T16:35:00","date_gmt":"2025-02-17T16:35:00","guid":{"rendered":"https:\/\/menzimuck.sk\/de\/?page_id=3926"},"modified":"2025-05-27T15:50:53","modified_gmt":"2025-05-27T14:50:53","slug":"galeria","status":"publish","type":"page","link":"https:\/\/menzimuck.sk\/de\/galeria\/","title":{"rendered":"Gal\u00e9ria"},"content":{"rendered":"<div class=\"wpb-content-wrapper\"><p>[vc_row tm_bgcolor=&#8220;grey&#8220; tm_bgimagefixed=&#8220;&#8220; break_in_responsive=&#8220;1200&#8243; full_width=&#8220;stretch_row&#8220; css=&#8220;.vc_custom_1745358632886{padding-bottom: 0px !important;}&#8220; el_id=&#8220;firma&#8220; tm_responsive_css=&#8220;94707818|colbreak_no|||||||||colbreak_no|||||||||colbreak_no|-100||||0|||||colbreak_no|||||||||&#8220;][vc_column tm_bgcolor=&#8220;white&#8220; tm_col_bg_expand=&#8220;left&#8220; tm_zindex=&#8220;2&#8243; width=&#8220;1\/3&#8243; css=&#8220;.vc_custom_1745358773319{padding-top: 77px !important;padding-right: 49px !important;padding-bottom: 52px !important;}&#8220; tm_responsive_css=&#8220;14894924|colbreak_no||||||||15px|colbreak_no||||||15px|||colbreak_no|||||||10|||colbreak_no|||||||||&#8220;]<div class=\"tm-element-heading-wrapper tm-heading-inner tm-element-align-left tm-seperator-solid tm-heading-style-vertical \"><section class=\"tm-vc_cta3-container\"><div class=\"tm-vc_general tm-vc_cta3 tm-cta3-only tm-vc_cta3-style-classic tm-vc_cta3-shape-rounded tm-vc_cta3-align-left tm-vc_cta3-color-transparent tm-vc_cta3-icon-size-md tm-vc_cta3-actions-no tm-cta3-with-desc\"><div class=\"tm-vc_cta3_content-container\"><div class=\"tm-vc_cta3-content\"><header class=\"tm-vc_cta3-content-header tm-wrap\"><div class=\"tm-vc_cta3-headers tm-wrap-cell\"><h2 class=\"tm-custom-heading \" >Firma<strong>Menzi Muck<\/strong><\/h2>\n<\/div><div class=\"heading-seperator\"><span><\/span><\/div><\/header><div class=\"tm-cta3-content-wrapper\"><p>Seit 2013 ist unser Sitz in gr\u00f6\u00dferen und moderneren R\u00e4umlichkeiten, die es uns erm\u00f6glichen, Maschinenteile f\u00fcr Menzi Muck-Ger\u00e4te effizient zu entwerfen und herzustellen.<\/p><\/div><\/div><\/div><\/div><\/section><\/div> <!-- .tm-element-heading-wrapper container --> [\/vc_column][vc_column tm_col_bg_expand=&#8220;right&#8220; tm_zindex=&#8220;2&#8243; width=&#8220;2\/3&#8243; css=&#8220;.vc_custom_1745359497375{margin-top: 49px !important;margin-bottom: 30px !important;padding-right: 49px !important;padding-left: 49px !important;}&#8220; tm_responsive_css=&#8220;28731003|colbreak_no|||||||||colbreak_no|||||||||colbreak_no|||||20|15|10|15||colbreak_no|||||||||&#8220;][vc_gallery type=&#8220;image_grid&#8220; images=&#8220;3936,3937,4559,3938,3941,3940,3939,3943&#8243; css=&#8220;&#8220;][\/vc_column][\/vc_row][vc_row tm_bgimage_position=&#8220;center_top&#8220; tm_bgimagefixed=&#8220;&#8220; break_in_responsive=&#8220;991&#8243; full_width=&#8220;stretch_row&#8220; equal_height=&#8220;yes&#8220; css=&#8220;.vc_custom_1745359463052{margin-top: 150px !important;padding-top: 0px !important;padding-bottom: 0px !important;background-position: center !important;background-repeat: no-repeat !important;background-size: cover !important;}&#8220; tm_responsive_css=&#8220;93391497|colbreak_no|||||||||colbreak_no|||0px||||||colbreak_no|20|||||||||colbreak_no|||||||||&#8220; el_id=&#8220;manazment&#8220;][vc_column tm_bgcolor=&#8220;skincolor&#8220; tm_zindex=&#8220;1&#8243; parallax=&#8220;content-moving&#8220; parallax_image=&#8220;3955&#8243; parallax_speed_bg=&#8220;1.2&#8243; css_animation=&#8220;none&#8220; width=&#8220;1\/3&#8243; css=&#8220;.vc_custom_1745359440276{padding-right: 0px !important;padding-left: 0px !important;background-position: center !important;background-repeat: no-repeat !important;background-size: cover !important;}&#8220; tm_responsive_css=&#8220;79692663|colbreak_no|||||||||colbreak_no||||0px|||||colbreak_no||||||||||colbreak_no|||||||||&#8220; offset=&#8220;vc_hidden-xs&#8220;][vc_icon type=&#8220;linecons&#8220; icon_linecons=&#8220;vc_li vc_li-display&#8220; color=&#8220;white&#8220; background_style=&#8220;boxed&#8220; background_color=&#8220;custom&#8220; css=&#8220;.vc_custom_1741642583298{padding-top: 49px !important;padding-left: 49px !important;}&#8220; custom_background_color=&#8220;#12120D&#8220;][\/vc_column][vc_column tm_col_bg_expand=&#8220;right&#8220; tm_bgimage_position=&#8220;right_bottom&#8220; width=&#8220;2\/3&#8243; css=&#8220;.vc_custom_1745359713520{padding-top: 49px !important;padding-bottom: 49px !important;padding-left: 49px !important;}&#8220; tm_responsive_css=&#8220;51814316|colbreak_no|||||||||colbreak_no|||||30px||37px|15px|colbreak_no||||||||||colbreak_no|||||||||&#8220;]<div class=\"tm-element-heading-wrapper tm-heading-inner tm-element-align-left tm-seperator-solid tm-heading-style-vertical \"><section class=\"tm-vc_cta3-container\"><div class=\"tm-vc_general tm-vc_cta3 tm-cta3-only tm-vc_cta3-style-classic tm-vc_cta3-shape-rounded tm-vc_cta3-align-left tm-vc_cta3-color-transparent tm-vc_cta3-icon-size-md tm-vc_cta3-actions-no tm-cta3-with-desc\"><div class=\"tm-vc_cta3_content-container\"><div class=\"tm-vc_cta3-content\"><header class=\"tm-vc_cta3-content-header tm-wrap\"><div class=\"tm-vc_cta3-headers tm-wrap-cell\"><h2 style=\"color:#06163A;\" class=\"tm-custom-heading \" >Management<strong>des Unternehmens<\/strong><\/h2>\n<\/div><div class=\"heading-seperator\"><span><\/span><\/div><\/header><div class=\"tm-cta3-content-wrapper\"><p>Hier flie\u00dfen Planung, Entwicklung und Koordination zusammen. Moderne Technologien, von Softwarel\u00f6sungen bis hin zu 3D-Druck und digitaler Modellierung, helfen uns, Pr\u00e4zision und effizientes Projektmanagement zu gew\u00e4hrleisten.<\/p><\/div><\/div><\/div><\/div><\/section><\/div> <!-- .tm-element-heading-wrapper container --> [vc_gallery type=&#8220;image_grid&#8220; images=&#8220;3949,3955,3953,4614,3952,3951&#8243; css=&#8220;&#8220;][\/vc_column][\/vc_row][vc_row tm_bgimagefixed=&#8220;&#8220; el_id=&#8220;vyroba&#8220; tm_responsive_css=&#8220;82402620|colbreak_no|||||||||colbreak_no|||||||||colbreak_no|||||0||0|||colbreak_no|||||||||&#8220;][vc_column width=&#8220;5\/6&#8243;]<div class=\"tm-element-heading-wrapper tm-heading-inner tm-element-align-center tm-seperator-solid tm-heading-style-horizontal \"><section class=\"tm-vc_cta3-container\"><div class=\"tm-vc_general tm-vc_cta3 tm-cta3-only tm-vc_cta3-style-classic tm-vc_cta3-shape-rounded tm-vc_cta3-align-center tm-vc_cta3-color-transparent tm-vc_cta3-icon-size-md tm-vc_cta3-actions-no tm-cta3-with-desc\"><div class=\"tm-vc_cta3_content-container\"><div class=\"tm-vc_cta3-content\"><header class=\"tm-vc_cta3-content-header tm-wrap\"><div class=\"tm-vc_cta3-headers tm-wrap-cell\"><h2 class=\"tm-custom-heading \" >Produktion<br \/>\n<strong>und Produktion<\/strong><\/h2>\n<\/div><div class=\"heading-seperator\"><span><\/span><\/div><\/header><div class=\"tm-cta3-content-wrapper\"><p>Vom ersten Zuschnitt des Blechs bis zum finalen Oberfl\u00e4chenfinish &#8211; jeder Produktionsschritt wird erstklassig verarbeitet. Schneiden, Umformen, Schwei\u00dfen, Lackieren &#8211; alle Verfahren werden hier zu robusten Bauteilen kombiniert, die hohen Anspr\u00fcchen an Haltbarkeit und Funktionalit\u00e4t gen\u00fcgen.<\/p><\/div><\/div><\/div><\/div><\/section><\/div> <!-- .tm-element-heading-wrapper container --> [\/vc_column][vc_column css=&#8220;.vc_custom_1745406645242{margin-top: 49px !important;}&#8220; tm_responsive_css=&#8220;49907402|colbreak_no|||||||||colbreak_no|||||||||colbreak_no|0|||||||||colbreak_no|||||||||&#8220;][vc_gallery type=&#8220;image_grid&#8220; images=&#8220;3980,4021,4020,4019,4018,4017,4016,4015,4014,4013,4012,4011,4010,4009,4008,4007,4006,4005,4004,4003,4002,4001,4000,3999,3998,3997,3996,3995,3994,3993,3992,3991,3990,3989,3988,3987,3986,3985,3984,3983,3982,3981&#8243; css=&#8220;&#8220;][\/vc_column][\/vc_row][vc_row tm_bgimagefixed=&#8220;&#8220; full_height=&#8220;yes&#8220; columns_placement=&#8220;top&#8220; css=&#8220;.vc_custom_1745407189353{margin-top: -35px !important;}&#8220; el_id=&#8220;sklad&#8220; tm_responsive_css=&#8220;12603535|colbreak_no|||||||||colbreak_no|||||||||colbreak_no|20||||0||0|||colbreak_no|||||||||&#8220;][vc_column width=&#8220;5\/6&#8243; css=&#8220;.vc_custom_1745406964495{padding-right: 49px !important;}&#8220; tm_responsive_css=&#8220;88523560|colbreak_no|||||||||colbreak_no|||||||||colbreak_no||||||15||||colbreak_no|||||||||&#8220;]<div class=\"tm-element-heading-wrapper tm-heading-inner tm-element-align-left tm-seperator-solid tm-heading-style-vertical \"><section class=\"tm-vc_cta3-container\"><div class=\"tm-vc_general tm-vc_cta3 tm-cta3-only tm-vc_cta3-style-classic tm-vc_cta3-shape-rounded tm-vc_cta3-align-left tm-vc_cta3-color-transparent tm-vc_cta3-icon-size-md tm-vc_cta3-actions-no tm-cta3-with-desc\"><div class=\"tm-vc_cta3_content-container\"><div class=\"tm-vc_cta3-content\"><header class=\"tm-vc_cta3-content-header tm-wrap\"><div class=\"tm-vc_cta3-headers tm-wrap-cell\"><h2 style=\"color:#06163A;\" class=\"tm-custom-heading \" >Lager<strong>und Logistik<\/strong><\/h2>\n<\/div><div class=\"heading-seperator\"><span><\/span><\/div><\/header><div class=\"tm-cta3-content-wrapper\"><p>Das Lager erm\u00f6glicht uns eine effiziente Verwaltung des Versandprozesses. Es erm\u00f6glicht uns, unsere Produkte schnell und zuverl\u00e4ssig an unsere Kunden zu liefern.<\/p><\/div><\/div><\/div><\/div><\/section><\/div> <!-- .tm-element-heading-wrapper container --> [vc_gallery type=&#8220;image_grid&#8220; images=&#8220;4036,4037,4038,4039,4040,4041,4042,4043,4044,4045,4046,4047,4048,4049&#8243; css=&#8220;&#8220;][\/vc_column][vc_column tm_bgcolor=&#8220;grey&#8220; tm_col_bg_expand=&#8220;right&#8220; width=&#8220;1\/6&#8243; css=&#8220;.vc_custom_1745407048988{background-image: url(https:\/\/menzimuck.sk\/de\/wp-content\/uploads\/2025\/02\/Menzi-Muck-vyroba_017.webp?id=3996) !important;background-position: center !important;background-repeat: no-repeat !important;background-size: cover !important;}&#8220; offset=&#8220;vc_hidden-xs&#8220;][vc_icon icon_fontawesome=&#8220;fab fa-codepen&#8220; color=&#8220;white&#8220; background_style=&#8220;boxed&#8220; background_color=&#8220;custom&#8220; css=&#8220;.vc_custom_1739829096196{padding-top: 49px !important;padding-left: 49px !important;}&#8220; custom_background_color=&#8220;#D42D24&#8243;][\/vc_column][\/vc_row][vc_row tm_bgimagefixed=&#8220;&#8220; content_placement=&#8220;middle&#8220; css=&#8220;.vc_custom_1745431475620{margin-top: 0px !important;padding-top: 0px !important;}&#8220; el_id=&#8220;podujatia&#8220; tm_responsive_css=&#8220;16473692|colbreak_no|||||||||colbreak_no|||||||||colbreak_no|||||||20|||colbreak_no|||||||||&#8220;][vc_column width=&#8220;1\/2&#8243; css=&#8220;.vc_custom_1745407079072{margin-top: -80px !important;}&#8220; offset=&#8220;vc_hidden-xs&#8220;][vc_single_image image=&#8220;4066&#8243; img_size=&#8220;250&#215;736&#8243; alignment=&#8220;center&#8220; css=&#8220;&#8220;][\/vc_column][vc_column tm_bgimage_position=&#8220;center_bottom&#8220; width=&#8220;1\/2&#8243;]<div class=\"tm-element-heading-wrapper tm-heading-inner tm-element-align-left tm-seperator-solid tm-heading-style-vertical \"><section class=\"tm-vc_cta3-container\"><div class=\"tm-vc_general tm-vc_cta3 tm-cta3-only tm-vc_cta3-style-classic tm-vc_cta3-shape-rounded tm-vc_cta3-align-left tm-vc_cta3-color-transparent tm-vc_cta3-icon-size-md tm-vc_cta3-actions-no tm-cta3-with-desc\"><div class=\"tm-vc_cta3_content-container\"><div class=\"tm-vc_cta3-content\"><header class=\"tm-vc_cta3-content-header tm-wrap\"><div class=\"tm-vc_cta3-headers tm-wrap-cell\"><h2 style=\"color:#1B1B1B;\" class=\"tm-custom-heading \" >Veranstaltungen<strong>die uns am Herzen liegen<\/strong><\/h2>\n<\/div><div class=\"heading-seperator\"><span><\/span><\/div><\/header><div class=\"tm-cta3-content-wrapper\"><p>Gerne unterst\u00fctzen wir Veranstaltungen, die Sportlerinnen und Sportler zusammenbringen, damit wir unsere Werte leben und zur Entwicklung des Sports beitragen k\u00f6nnen.<\/p><\/div><\/div><\/div><\/div><\/section><\/div> <!-- .tm-element-heading-wrapper container --> [vc_gallery type=&#8220;image_grid&#8220; images=&#8220;4054,4055,4056,4057,4058,4662,4663,4666,4664,4665&#8243; css=&#8220;&#8220;][\/vc_column][\/vc_row]<\/p>\n<\/div>","protected":false},"excerpt":{"rendered":"<p>[vc_row tm_bgcolor=&#8220;grey&#8220; tm_bgimagefixed=&#8220;&#8220; break_in_responsive=&#8220;1200&#8243; full_width=&#8220;stretch_row&#8220; css=&#8220;.vc_custom_1745358632886{padding-bottom: 0px !important;}&#8220; el_id=&#8220;firma&#8220; tm_responsive_css=&#8220;94707818|colbreak_no|||||||||colbreak_no|||||||||colbreak_no|-100||||0|||||colbreak_no|||||||||&#8220;][vc_column tm_bgcolor=&#8220;white&#8220; tm_col_bg_expand=&#8220;left&#8220; tm_zindex=&#8220;2&#8243; width=&#8220;1\/3&#8243; css=&#8220;.vc_custom_1745358773319{padding-top: 77px !important;padding-right: 49px !important;padding-bottom: 52px !important;}&#8220; tm_responsive_css=&#8220;14894924|colbreak_no||||||||15px|colbreak_no||||||15px|||colbreak_no|||||||10|||colbreak_no|||||||||&#8220;][\/vc_column][vc_column tm_col_bg_expand=&#8220;right&#8220; tm_zindex=&#8220;2&#8243; width=&#8220;2\/3&#8243; css=&#8220;.vc_custom_1745359497375{margin-top: 49px !important;margin-bottom: 30px !important;padding-right: 49px !important;padding-left: 49px !important;}&#8220; tm_responsive_css=&#8220;28731003|colbreak_no|||||||||colbreak_no|||||||||colbreak_no|||||20|15|10|15||colbreak_no|||||||||&#8220;][vc_gallery type=&#8220;image_grid&#8220; images=&#8220;3936,3937,4559,3938,3941,3940,3939,3943&#8243; css=&#8220;&#8220;][\/vc_column][\/vc_row][vc_row tm_bgimage_position=&#8220;center_top&#8220; tm_bgimagefixed=&#8220;&#8220; break_in_responsive=&#8220;991&#8243; full_width=&#8220;stretch_row&#8220; equal_height=&#8220;yes&#8220; css=&#8220;.vc_custom_1745359463052{margin-top: 150px !important;padding-top: 0px !important;padding-bottom: 0px !important;background-position: center !important;background-repeat: no-repeat !important;background-size: cover &hellip; <a href=\"https:\/\/menzimuck.sk\/de\/galeria\/\" class=\"more-link\">Continue reading <span class=\"screen-reader-text\">Gal\u00e9ria<\/span><\/a><\/p>\n","protected":false},"author":1,"featured_media":0,"parent":0,"menu_order":1,"comment_status":"closed","ping_status":"closed","template":"","meta":{"inline_featured_image":false,"_monsterinsights_skip_tracking":false,"_monsterinsights_sitenote_active":false,"_monsterinsights_sitenote_note":"","_monsterinsights_sitenote_category":0,"footnotes":""},"class_list":["post-3926","page","type-page","status-publish","hentry"],"_links":{"self":[{"href":"https:\/\/menzimuck.sk\/de\/wp-json\/wp\/v2\/pages\/3926","targetHints":{"allow":["GET"]}}],"collection":[{"href":"https:\/\/menzimuck.sk\/de\/wp-json\/wp\/v2\/pages"}],"about":[{"href":"https:\/\/menzimuck.sk\/de\/wp-json\/wp\/v2\/types\/page"}],"author":[{"embeddable":true,"href":"https:\/\/menzimuck.sk\/de\/wp-json\/wp\/v2\/users\/1"}],"replies":[{"embeddable":true,"href":"https:\/\/menzimuck.sk\/de\/wp-json\/wp\/v2\/comments?post=3926"}],"version-history":[{"count":122,"href":"https:\/\/menzimuck.sk\/de\/wp-json\/wp\/v2\/pages\/3926\/revisions"}],"predecessor-version":[{"id":4733,"href":"https:\/\/menzimuck.sk\/de\/wp-json\/wp\/v2\/pages\/3926\/revisions\/4733"}],"wp:attachment":[{"href":"https:\/\/menzimuck.sk\/de\/wp-json\/wp\/v2\/media?parent=3926"}],"curies":[{"name":"wp","href":"https:\/\/api.w.org\/{rel}","templated":true}]}}