{"id":3857,"date":"2025-02-14T09:32:07","date_gmt":"2025-02-14T09:32:07","guid":{"rendered":"https:\/\/menzimuck.sk\/de\/?page_id=3857"},"modified":"2025-05-27T15:47:33","modified_gmt":"2025-05-27T14:47:33","slug":"vyrobky","status":"publish","type":"page","link":"https:\/\/menzimuck.sk\/de\/vyrobky\/","title":{"rendered":"V\u00fdrobky"},"content":{"rendered":"<div class=\"wpb-content-wrapper\"><p>[vc_row tm_bgimage_position=&#8220;center_bottom&#8220; tm_bgimagefixed=&#8220;&#8220; break_in_responsive=&#8220;991&#8243; css=&#8220;.vc_custom_1745324808719{padding-top: 120px !important;padding-bottom: 105px !important;background-image: url(http:\/\/tectxon.themetechmount.com\/tectxon-data\/wp-content\/uploads\/sites\/8\/2021\/06\/row-ng05.png?id=3629) !important;background-position: center !important;background-repeat: no-repeat !important;background-size: cover !important;}&#8220; tm_responsive_css=&#8220;80844573|colbreak_no|||||||||colbreak_no|||||15px||42||colbreak_no|||||70|||||colbreak_no|||||||||&#8220; el_id=&#8220;specializacia&#8220;][vc_column reduce_extra_padding=&#8220;991&#8243;][vc_row_inner][vc_column_inner]<div class=\"tm-element-heading-wrapper tm-heading-inner tm-element-align-left tm-seperator-solid tm-heading-style-horizontal \"><section class=\"tm-vc_cta3-container\"><div class=\"tm-vc_general tm-vc_cta3 tm-cta3-only tm-vc_cta3-style-classic tm-vc_cta3-shape-rounded tm-vc_cta3-align-left tm-vc_cta3-color-transparent tm-vc_cta3-icon-size-md tm-vc_cta3-actions-no tm-cta3-with-desc\"><div class=\"tm-vc_cta3_content-container\"><div class=\"tm-vc_cta3-content\"><header class=\"tm-vc_cta3-content-header tm-wrap\"><div class=\"tm-vc_cta3-headers tm-wrap-cell\"><h2 class=\"tm-custom-heading \" >Wir spezialisieren uns<br \/>\n<b>auf Maschinenkomponenten<\/b><\/h2>\n<\/div><div class=\"heading-seperator\"><span><\/span><\/div><\/header><div class=\"tm-cta3-content-wrapper\">\n<div class=\"tm-cta3-content-wrapper\">\n<p>&#8222;Unsere Produktion umfasst eine breite Palette von Anbauger\u00e4ten f\u00fcr hydraulische Bagger mit einem Gewicht von 0,9 bis 30 Tonnen, einschlie\u00dflich B\u00f6schungs- und Tiefl\u00f6ffel, Universalgreifer, Schwenkb\u00f6schungsl\u00f6ffel und Schnellwechselsysteme.<\/p>\n<p>Dar\u00fcber hinaus fertigen wir Gro\u00dfkomponenten wie Abst\u00fctzungen, Unterwagen oder andere Stahlkonstruktionen und liefern Hydraulikzylinder in verschiedenen Gr\u00f6\u00dfen &#8211; auch in Kleinserien.&#8220;<\/p>\n<\/div>\n<p><\/div><\/div><\/div><\/div><\/section><\/div> <!-- .tm-element-heading-wrapper container --> [\/vc_column_inner][\/vc_row_inner][vc_row_inner][vc_column_inner el_id=&#8220;specializujeme-sa&#8220;]<div class=\"themetechmount-boxes-row-wrapper tm-stepbox-wrapper\">\r\n\t\t\t\t\t\t<div class=\"tm-stepsbox\"><div class=\"tm-stepsbox-inner\">\r\n\t\t\t\t\t\t\t<div class=\"tm-sboxbox-iconbox\"> \r\n\t\t\t\t\t\t\t\t\t<div class=\"tm-sboxbox-icon-outer\"><\/div>\r\n\t\t\t\t\t\t\t\t\t<div class=\"tm-sboxbox-icon\">\r\n\t\t\t\t\t\t\t\t\t<div class=\"tm-vc_icon_element tm-vc_icon_element-outer tm-vc_icon_element-align-left \"><div class=\"tm-vc_icon_element-inner  tm-vc_icon_element-color-skincolor tm-vc_icon_element-size-md tm-vc_icon_element-style- tm-vc_icon_element-background-color-grey\" ><span class=\"tm-vc_icon_element-icon kw_tectxon flaticon-industrial-robot\" ><\/span><\/div><\/div>\r\n\t\t\t\t\t\t\t\t\t<\/div>\t\t\t\t\t\t\t\t\r\n\t\t\t\t\t\t\t<\/div>\r\n\t\t\t\t\t\t\t<div class=\"tm-sboxbox-content\" >\r\n\t\t\t\t\t\t\t\t<div class=\"tm-sboxbox-title\"><h5>L\u00f6ffel<\/h5><\/div>\r\n\t\t\t\t\t\t\t\t<div class=\"tm-box-description\">Wir fertigen L\u00f6ffel f\u00fcr schwere Maschinen genau nach Ihren Anforderungen und technischen Pl\u00e4nen, bis zu einem Gewicht von 2000 kg.<\/div>\r\n\t\t\t\t\t\t\t<\/div>\r\n\t\t\t\t\t\t\t<div class=\"tm-stepnum\">01<\/div>\r\n\t\t\t\t\t\t<\/div><\/div>\r\n\t\t\t\t\t\t\r\n\t\t\t\t\t\t<div class=\"tm-stepsbox\"><div class=\"tm-stepsbox-inner\">\r\n\t\t\t\t\t\t\t<div class=\"tm-stepnum\">02<\/div>\r\n\t\t\t\t\t\t\t<div class=\"tm-sboxbox-iconbox\"> \r\n\t\t\t\t\t\t\t\t\t<div class=\"tm-sboxbox-icon-outer\"><\/div>\r\n\t\t\t\t\t\t\t\t\t<div class=\"tm-sboxbox-icon\">\r\n\t\t\t\t\t\t\t\t\t<div class=\"tm-vc_icon_element tm-vc_icon_element-outer tm-vc_icon_element-align-left \"><div class=\"tm-vc_icon_element-inner  tm-vc_icon_element-color-skincolor tm-vc_icon_element-size-md tm-vc_icon_element-style- tm-vc_icon_element-background-color-grey\" ><span class=\"tm-vc_icon_element-icon kw_tectxon flaticon-drilling\" ><\/span><\/div><\/div>\r\n\t\t\t\t\t\t\t\t\t<\/div>\t\t\t\t\t\t\t\t\r\n\t\t\t\t\t\t\t<\/div>\r\n\t\t\t\t\t\t\t<div class=\"tm-sboxbox-content\" >\r\n\t\t\t\t\t\t\t\t<div class=\"tm-sboxbox-title\"><h5>Stahlkonstruktionen<\/h5><\/div>\r\n\t\t\t\t\t\t\t\t<div class=\"tm-box-description\">Wir liefern ma\u00dfgeschneiderte Stahlbauteile bis zu 2 Tonnen nach Ihren Pl\u00e4nen und Spezifikationen. Wenn Sie keine fertigen Unterlagen haben, unterst\u00fctzen wir Sie gerne bei Entwurf und Konstruktion.<\/div>\r\n\t\t\t\t\t\t\t<\/div>\r\n\t\t\t\t\t\t<\/div><\/div>\r\n\t\t\t\t\t\t\r\n\t\t\t\t\t\t<div class=\"tm-stepsbox\"><div class=\"tm-stepsbox-inner\">\r\n\t\t\t\t\t\t\t<div class=\"tm-sboxbox-iconbox\"> \r\n\t\t\t\t\t\t\t\t\t<div class=\"tm-sboxbox-icon-outer\"><\/div>\r\n\t\t\t\t\t\t\t\t\t<div class=\"tm-sboxbox-icon\">\r\n\t\t\t\t\t\t\t\t\t<div class=\"tm-vc_icon_element tm-vc_icon_element-outer tm-vc_icon_element-align-left \"><div class=\"tm-vc_icon_element-inner  tm-vc_icon_element-color-skincolor tm-vc_icon_element-size-md tm-vc_icon_element-style- tm-vc_icon_element-background-color-grey\" ><span class=\"tm-vc_icon_element-icon kw_tectxon flaticon-process\" ><\/span><\/div><\/div>\r\n\t\t\t\t\t\t\t\t\t<\/div>\t\t\t\t\t\t\t\t\r\n\t\t\t\t\t\t\t<\/div>\r\n\t\t\t\t\t\t\t<div class=\"tm-sboxbox-content\" >\r\n\t\t\t\t\t\t\t\t<div class=\"tm-sboxbox-title\"><h5>Mechanische Komponenten<\/h5><\/div>\r\n\t\t\t\t\t\t\t\t<div class=\"tm-box-description\">Wir stellen ma\u00dfgeschneiderte mechanische Teile her und f\u00fchren auf Wunsch auch deren komplette Montage durch.\n<\/div>\r\n\t\t\t\t\t\t\t<\/div>\r\n\t\t\t\t\t\t\t<div class=\"tm-stepnum\">03<\/div>\r\n\t\t\t\t\t\t<\/div><\/div>\r\n\t\t\t\t\t\t\r\n\t\t\t\t\t\t<div class=\"tm-stepsbox\"><div class=\"tm-stepsbox-inner\">\r\n\t\t\t\t\t\t\t<div class=\"tm-stepnum\">04<\/div>\r\n\t\t\t\t\t\t\t<div class=\"tm-sboxbox-iconbox\"> \r\n\t\t\t\t\t\t\t\t\t<div class=\"tm-sboxbox-icon-outer\"><\/div>\r\n\t\t\t\t\t\t\t\t\t<div class=\"tm-sboxbox-icon\">\r\n\t\t\t\t\t\t\t\t\t<div class=\"tm-vc_icon_element tm-vc_icon_element-outer tm-vc_icon_element-align-left \"><div class=\"tm-vc_icon_element-inner  tm-vc_icon_element-color-skincolor tm-vc_icon_element-size-md tm-vc_icon_element-style- tm-vc_icon_element-background-color-grey\" ><span class=\"tm-vc_icon_element-icon kw_tectxon flaticon-worker-1\" ><\/span><\/div><\/div>\r\n\t\t\t\t\t\t\t\t\t<\/div>\t\t\t\t\t\t\t\t\r\n\t\t\t\t\t\t\t<\/div>\r\n\t\t\t\t\t\t\t<div class=\"tm-sboxbox-content\" >\r\n\t\t\t\t\t\t\t\t<div class=\"tm-sboxbox-title\"><h5>Hydraulikzylinder<\/h5><\/div>\r\n\t\t\t\t\t\t\t\t<div class=\"tm-box-description\">Wir liefern Hydraulikzylinder nach Ihren technischen Unterlagen. Jeder gefertigte Zylinder wird einer gr\u00fcndlichen Druckpr\u00fcfung unterzogen. Wir fertigen und liefern verschiedene Arten von Zylindern, die auf die individuellen Anforderungen unserer Kunden zugeschnitten sind.<\/div>\r\n\t\t\t\t\t\t\t<\/div>\r\n\t\t\t\t\t\t<\/div><\/div>\r\n\t\t\t\t\t\t<\/div>[\/vc_column_inner][\/vc_row_inner][\/vc_column][\/vc_row][vc_row tm_bgcolor=&#8220;white&#8220; tm_bgimagefixed=&#8220;&#8220; break_in_responsive=&#8220;991&#8243; full_width=&#8220;stretch_row&#8220; equal_height=&#8220;yes&#8220; css=&#8220;.vc_custom_1745329209990{padding-bottom: 73px !important;}&#8220; el_id=&#8220;robustne-riesenia&#8220; tm_responsive_css=&#8220;27831796|colbreak_no|||||||||colbreak_no|||||||||colbreak_no|50|||||||||colbreak_no|||||||||&#8220;][vc_column width=&#8220;1\/2&#8243; css=&#8220;.vc_custom_1739530999599{margin-top: -120px !important;background-position: center !important;background-repeat: no-repeat !important;background-size: contain !important;}&#8220;][vc_gallery type=&#8220;image_grid&#8220; images=&#8220;4020,4045,4044,4046,4042,4041,4040,4039,4036,4043,4047&#8243; css=&#8220;&#8220;]\n\t\t<div class=\"tm-vc_btn3-container tm-vc_btn3-inline\"><a class=\"tm-vc_general tm-vc_btn3 tm-vc_btn3-size-md tm-vc_btn3-shape-square tm-vc_btn3-style-flat tm-vc_btn3-weight-no tm-vc_btn3-color-skincolor\" href=\"\/galeria\/#vyroba\" title=\"\">Mehr Bilder anzeigen<\/a><\/div>[\/vc_column][vc_column width=&#8220;1\/2&#8243; css=&#8220;.vc_custom_1745330282772{margin-left: 15px !important;padding-right: 100px !important;}&#8220; el_class=&#8220;tm-services&#8220; tm_responsive_css=&#8220;79849959|colbreak_no|||||||||colbreak_no|||||||||colbreak_no|50|||||20px||||colbreak_no|||||||||&#8220;]<div class=\"tm-element-heading-wrapper tm-heading-inner tm-element-align-left tm-seperator-solid tm-heading-style-vertical  vc_custom_1748347667919\"><section class=\"tm-vc_cta3-container\"><div class=\"tm-vc_general tm-vc_cta3 tm-cta3-only tm-vc_cta3-style-classic tm-vc_cta3-shape-rounded tm-vc_cta3-align-left tm-vc_cta3-color-transparent tm-vc_cta3-icon-size-md tm-vc_cta3-actions-no tm-cta3-without-desc\"><div class=\"tm-vc_cta3_content-container\"><div class=\"tm-vc_cta3-content\"><header class=\"tm-vc_cta3-content-header tm-wrap\"><div class=\"tm-vc_cta3-headers tm-wrap-cell\"><h2 class=\"tm-custom-heading \" >Robuste L\u00f6sungen<strong>und ein starkes Team<\/strong><\/h2>\n<\/div><div class=\"heading-seperator\"><span><\/span><\/div><\/header><\/div><\/div><\/div><\/section><\/div> <!-- .tm-element-heading-wrapper container --> [vc_column_text css=&#8220;&#8220;]<\/p>\n<p class=\"p1\">Umfassende Erfahrungen in der Herstellung von Komponenten f\u00fcr anspruchsvolle Bedingungen und eine reibungslose Zusammenarbeit sind unsere Hauptvorteile.<\/p>\n<p>[\/vc_column_text]<div class=\"tm-sbox tm-sbox-iconalign-left-spacing hvr-float-shadow tm-sbox-bgcolor-transparent tm-bgcolor-transparent tm-sbox-textcolor- tm-textcolor- tm-sbox-isize-md tm-sbox-isize-md tm-sbox-istyle-none vc_custom_1748347701212 tm-sbox-heading-only\"><section class=\"tm-vc_cta3-container\"><div class=\"tm-vc_general tm-vc_cta3 tm-vc_cta3-align-left tm-vc_cta3-icon-size-md tm-vc_cta3-icons-left tm-vc_cta3-actions-no\"><div class=\"tm-vc_cta3-icons tm-wrap-cell\"><div class=\"tm-vc_icon_element tm-vc_icon_element-outer tm-vc_icon_element-align-left \"><div class=\"tm-vc_icon_element-inner  tm-vc_icon_element-color-skincolor tm-vc_icon_element-size-md tm-vc_icon_element-style-none tm-vc_icon_element-background-color-grey\" ><span class=\"tm-vc_icon_element-icon fa fa-diamond\" ><\/span><\/div><\/div><\/div><div class=\"tm-vc_cta3_content-container\"><div class=\"tm-vc_cta3-content\"><div class=\"tm-vc_cta3-content-header tm-wrap\"><div class=\"tm-vc_cta3-headers tm-wrap-cell\"><h2 style=\"line-height:44px;\" class=\"tm-custom-heading \" ><a href=\"\/o-spolocnosti\/#priority\">25+ Jahre auf dem Markt<\/a><\/h2>\n<\/div><\/div><\/div><div class=\"tm-cta3-desc-btn-wrapper\"><div class=\"tm-cta3-description\"><\/div><\/div><\/div><\/div><\/section><\/div><div class=\"tm-sbox tm-sbox-iconalign-left-spacing hvr-float-shadow tm-sbox-bgcolor-transparent tm-bgcolor-transparent tm-sbox-textcolor- tm-textcolor- tm-sbox-isize-md tm-sbox-isize-md tm-sbox-istyle-none vc_custom_1748347717895 tm-sbox-heading-only\"><section class=\"tm-vc_cta3-container\"><div class=\"tm-vc_general tm-vc_cta3 tm-vc_cta3-align-left tm-vc_cta3-icon-size-md tm-vc_cta3-icons-left tm-vc_cta3-actions-no\"><div class=\"tm-vc_cta3-icons tm-wrap-cell\"><div class=\"tm-vc_icon_element tm-vc_icon_element-outer tm-vc_icon_element-align-left \"><div class=\"tm-vc_icon_element-inner  tm-vc_icon_element-color-skincolor tm-vc_icon_element-size-md tm-vc_icon_element-style-none tm-vc_icon_element-background-color-grey\" ><span class=\"tm-vc_icon_element-icon fa fa-trophy\" ><\/span><\/div><\/div><\/div><div class=\"tm-vc_cta3_content-container\"><div class=\"tm-vc_cta3-content\"><div class=\"tm-vc_cta3-content-header tm-wrap\"><div class=\"tm-vc_cta3-headers tm-wrap-cell\"><h2 style=\"line-height:44px;\" class=\"tm-custom-heading \" ><a href=\"\/o-spolocnosti\/#ocenenia\">Auszeichnungen Zertifikate<\/a><\/h2>\n<\/div><\/div><\/div><div class=\"tm-cta3-desc-btn-wrapper\"><div class=\"tm-cta3-description\"><\/div><\/div><\/div><\/div><\/section><\/div><div class=\"tm-sbox tm-sbox-iconalign-left-spacing hvr-float-shadow tm-sbox-bgcolor-transparent tm-bgcolor-transparent tm-sbox-textcolor- tm-textcolor- tm-sbox-isize-md tm-sbox-isize-md tm-sbox-istyle-none vc_custom_1748347733040 tm-sbox-heading-only\"><section class=\"tm-vc_cta3-container\"><div class=\"tm-vc_general tm-vc_cta3 tm-vc_cta3-align-left tm-vc_cta3-icon-size-md tm-vc_cta3-icons-left tm-vc_cta3-actions-no\"><div class=\"tm-vc_cta3-icons tm-wrap-cell\"><div class=\"tm-vc_icon_element tm-vc_icon_element-outer tm-vc_icon_element-align-left \"><div class=\"tm-vc_icon_element-inner  tm-vc_icon_element-color-skincolor tm-vc_icon_element-size-md tm-vc_icon_element-style-none tm-vc_icon_element-background-color-grey\" ><span class=\"tm-vc_icon_element-icon fa fa-users\" ><\/span><\/div><\/div><\/div><div class=\"tm-vc_cta3_content-container\"><div class=\"tm-vc_cta3-content\"><div class=\"tm-vc_cta3-content-header tm-wrap\"><div class=\"tm-vc_cta3-headers tm-wrap-cell\"><h2 style=\"line-height:44px;\" class=\"tm-custom-heading \" ><a href=\"\/o-spolocnosti\/#struktura-spolocnosti\">Team spezialisierter Experten<\/a><\/h2>\n<\/div><\/div><\/div><div class=\"tm-cta3-desc-btn-wrapper\"><div class=\"tm-cta3-description\"><\/div><\/div><\/div><\/div><\/section><\/div><div class=\"tm-sbox tm-sbox-iconalign-left-spacing hvr-float-shadow tm-sbox-bgcolor-transparent tm-bgcolor-transparent tm-sbox-textcolor- tm-textcolor- tm-sbox-isize-md tm-sbox-isize-md tm-sbox-istyle-none vc_custom_1748347752515 tm-sbox-heading-only\"><section class=\"tm-vc_cta3-container\"><div class=\"tm-vc_general tm-vc_cta3 tm-vc_cta3-align-left tm-vc_cta3-icon-size-md tm-vc_cta3-icons-left tm-vc_cta3-actions-no\"><div class=\"tm-vc_cta3-icons tm-wrap-cell\"><div class=\"tm-vc_icon_element tm-vc_icon_element-outer tm-vc_icon_element-align-left \"><div class=\"tm-vc_icon_element-inner  tm-vc_icon_element-color-skincolor tm-vc_icon_element-size-md tm-vc_icon_element-style-none tm-vc_icon_element-background-color-grey\" ><span class=\"tm-vc_icon_element-icon fa fa-shield\" ><\/span><\/div><\/div><\/div><div class=\"tm-vc_cta3_content-container\"><div class=\"tm-vc_cta3-content\"><div class=\"tm-vc_cta3-content-header tm-wrap\"><div class=\"tm-vc_cta3-headers tm-wrap-cell\"><h2 style=\"line-height:44px;\" class=\"tm-custom-heading \" ><a href=\"\/kontakt\/\">Kundenservice<\/a><\/h2>\n<\/div><\/div><\/div><div class=\"tm-cta3-desc-btn-wrapper\"><div class=\"tm-cta3-description\"><\/div><\/div><\/div><\/div><\/section><\/div>[\/vc_column][\/vc_row][vc_row tm_bgcolor=&#8220;white&#8220; tm_bgimagefixed=&#8220;&#8220; break_in_responsive=&#8220;991&#8243; full_width=&#8220;stretch_row&#8220; equal_height=&#8220;yes&#8220; css=&#8220;.vc_custom_1745430995446{margin-top: 0px !important;margin-bottom: 0px !important;padding-top: 100px !important;padding-bottom: 100px !important;}&#8220; tm_responsive_css=&#8220;31766833|colbreak_no|||||||||colbreak_no|0px||||||||colbreak_no|||||50||0|||colbreak_no|||||||||&#8220; el_id=&#8220;stroje&#8220;][vc_column tm_col_bg_expand=&#8220;left&#8220; tm_bgimage_position=&#8220;left_center&#8220; tm_zindex=&#8220;2&#8243; video_bg=&#8220;yes&#8220; video_bg_url=&#8220;https:\/\/www.youtube.com\/watch?v=AiTGGXQ4kfk&#8220; width=&#8220;1\/2&#8243; css=&#8220;.vc_custom_1746525217685{padding-top: 200px !important;padding-bottom: 200px !important;background-position: center !important;background-repeat: no-repeat !important;background-size: cover !important;}&#8220; tm_responsive_css=&#8220;58664709|colbreak_no|||||||||colbreak_no|||||||||colbreak_no|-70||60|||||||colbreak_no|||||||||&#8220;][\/vc_column][vc_column tm_bgcolor=&#8220;skincolor&#8220; tm_col_bg_expand=&#8220;right&#8220; tm_zindex=&#8220;1&#8243; width=&#8220;1\/2&#8243; css=&#8220;.vc_custom_1745431091984{margin-top: -60px !important;padding-top: 80px !important;padding-bottom: 100px !important;padding-left: 60px !important;}&#8220; tm_responsive_css=&#8220;58794642|colbreak_no|||||||||colbreak_no|||||35px|0px|35px|15px|colbreak_no|||||50||50|||colbreak_no|||||||||&#8220;]<div class=\"tm-element-heading-wrapper tm-heading-inner tm-element-align-left tm-seperator-solid tm-heading-style-vertical \"><section class=\"tm-vc_cta3-container\"><div class=\"tm-vc_general tm-vc_cta3 tm-cta3-only tm-vc_cta3-style-classic tm-vc_cta3-shape-rounded tm-vc_cta3-align-left tm-vc_cta3-color-transparent tm-vc_cta3-icon-size-md tm-vc_cta3-actions-no tm-cta3-with-desc\"><div class=\"tm-vc_cta3_content-container\"><div class=\"tm-vc_cta3-content\"><header class=\"tm-vc_cta3-content-header tm-wrap\"><div class=\"tm-vc_cta3-headers tm-wrap-cell\"><h2 style=\"color:#FFFFFF;\" class=\"tm-custom-heading \" >Maschinen <strong>an denen wir beteiligt sind<\/strong><\/h2>\n<\/div><div class=\"heading-seperator\"><span><\/span><\/div><\/header><div class=\"tm-cta3-content-wrapper\"><p>Als Mitglied einer multinationalen Unternehmensgruppe sind unsere Produkte Teil mehrerer Maschinen f\u00fcr Bau- oder forstwirtschaftliche T\u00e4tigkeiten.<\/p><\/div><\/div><\/div><\/div><\/section><\/div> <!-- .tm-element-heading-wrapper container --> [vc_row_inner][vc_column_inner width=&#8220;1\/2&#8243; css=&#8220;.vc_custom_1536644185073{padding-right: 15px !important;padding-left: 7px !important;}&#8220; tm_responsive_css=&#8220;87974215|colbreak_no|||||||||colbreak_no||||||15px||15px|colbreak_no||||||||||colbreak_no|||||||||&#8220;]<ul class=\"tm-list tm-list-style-icon tm-list-icon-color-white tm- tm-icon-white tm-list-textsize-large tm-list-icon-library-fontawesome  wpb_animate_when_almost_visible wpb_none none\"><li><i class=\"tm-white fa fa-check-circle\"><\/i>  <span class=\"tm-list-li-content\">Menzi Muck M5x<\/span><\/li><li><i class=\"tm-white fa fa-check-circle\"><\/i>  <span class=\"tm-list-li-content\">Menzi Muck M4x<\/span><\/li><li><i class=\"tm-white fa fa-check-circle\"><\/i>  <span class=\"tm-list-li-content\">Menzi Muck M2<\/span><\/li><\/ul>[\/vc_column_inner][vc_column_inner width=&#8220;1\/2&#8243; css=&#8220;.vc_custom_1536644152210{padding-right: 10px !important;padding-left: 5px !important;}&#8220; tm_responsive_css=&#8220;69355203|colbreak_no|||||||||colbreak_no||||||15px||15px|colbreak_no||||||||||colbreak_no|||||||||&#8220;]<ul class=\"tm-list tm-list-style-icon tm-list-icon-color-white tm- tm-icon-white tm-list-textsize-large tm-list-icon-library-fontawesome  wpb_animate_when_almost_visible wpb_none none\"><li><i class=\"tm-white fa fa-check-circle\"><\/i>  <span class=\"tm-list-li-content\">Mini Excavator 1 - 4 Tonne<\/span><\/li><li><i class=\"tm-white fa fa-check-circle\"><\/i>  <span class=\"tm-list-li-content\">Mini Excavator 4 - 10 Tonne<\/span><\/li><li><i class=\"tm-white fa fa-check-circle\"><\/i>  <span class=\"tm-list-li-content\">Raddumper<\/span><\/li><li><i class=\"tm-white fa fa-check-circle\"><\/i>  <span class=\"tm-list-li-content\">Radlader<\/span><\/li><li><i class=\"tm-white fa fa-check-circle\"><\/i>  <span class=\"tm-list-li-content\">Minidumper<\/span><\/li><\/ul>[\/vc_column_inner][\/vc_row_inner]\n\t\t<div class=\"tm-vc_btn3-container tm-vc_btn3-inline\"><a class=\"tm-vc_general tm-vc_btn3 tm-vc_btn3-size-md tm-vc_btn3-shape-square tm-vc_btn3-style-flat tm-vc_btn3-weight-no tm-vc_btn3-icon-left tm-vc_btn3-color-white\" href=\"\/o-spolocnosti\/#firemna-skupina\" title=\"\"><i class=\"tm-vc_btn3-icon vc_li vc_li-world\"><\/i> Unternehmensgruppe<\/a><\/div>[\/vc_column][\/vc_row]<\/p>\n<\/div>","protected":false},"excerpt":{"rendered":"<p>[vc_row tm_bgimage_position=&#8220;center_bottom&#8220; tm_bgimagefixed=&#8220;&#8220; break_in_responsive=&#8220;991&#8243; css=&#8220;.vc_custom_1745324808719{padding-top: 120px !important;padding-bottom: 105px !important;background-image: url(http:\/\/tectxon.themetechmount.com\/tectxon-data\/wp-content\/uploads\/sites\/8\/2021\/06\/row-ng05.png?id=3629) !important;background-position: center !important;background-repeat: no-repeat !important;background-size: cover !important;}&#8220; tm_responsive_css=&#8220;80844573|colbreak_no|||||||||colbreak_no|||||15px||42||colbreak_no|||||70|||||colbreak_no|||||||||&#8220; el_id=&#8220;specializacia&#8220;][vc_column reduce_extra_padding=&#8220;991&#8243;][vc_row_inner][vc_column_inner][\/vc_column_inner][\/vc_row_inner][vc_row_inner][vc_column_inner el_id=&#8220;specializujeme-sa&#8220;][\/vc_column_inner][\/vc_row_inner][\/vc_column][\/vc_row][vc_row tm_bgcolor=&#8220;white&#8220; tm_bgimagefixed=&#8220;&#8220; break_in_responsive=&#8220;991&#8243; full_width=&#8220;stretch_row&#8220; equal_height=&#8220;yes&#8220; css=&#8220;.vc_custom_1745329209990{padding-bottom: 73px !important;}&#8220; el_id=&#8220;robustne-riesenia&#8220; tm_responsive_css=&#8220;27831796|colbreak_no|||||||||colbreak_no|||||||||colbreak_no|50|||||||||colbreak_no|||||||||&#8220;][vc_column width=&#8220;1\/2&#8243; css=&#8220;.vc_custom_1739530999599{margin-top: -120px !important;background-position: center !important;background-repeat: no-repeat !important;background-size: contain !important;}&#8220;][vc_gallery type=&#8220;image_grid&#8220; images=&#8220;4020,4045,4044,4046,4042,4041,4040,4039,4036,4043,4047&#8243; css=&#8220;&#8220;][\/vc_column][vc_column width=&#8220;1\/2&#8243; css=&#8220;.vc_custom_1745330282772{margin-left: 15px !important;padding-right: 100px !important;}&#8220; el_class=&#8220;tm-services&#8220; tm_responsive_css=&#8220;79849959|colbreak_no|||||||||colbreak_no|||||||||colbreak_no|50|||||20px||||colbreak_no|||||||||&#8220;][vc_column_text css=&#8220;&#8220;] Umfassende Erfahrungen &hellip; <a href=\"https:\/\/menzimuck.sk\/de\/vyrobky\/\" class=\"more-link\">Continue reading <span class=\"screen-reader-text\">V\u00fdrobky<\/span><\/a><\/p>\n","protected":false},"author":1,"featured_media":0,"parent":0,"menu_order":9,"comment_status":"closed","ping_status":"closed","template":"","meta":{"inline_featured_image":false,"_monsterinsights_skip_tracking":false,"_monsterinsights_sitenote_active":false,"_monsterinsights_sitenote_note":"","_monsterinsights_sitenote_category":0,"footnotes":""},"class_list":["post-3857","page","type-page","status-publish","hentry"],"_links":{"self":[{"href":"https:\/\/menzimuck.sk\/de\/wp-json\/wp\/v2\/pages\/3857","targetHints":{"allow":["GET"]}}],"collection":[{"href":"https:\/\/menzimuck.sk\/de\/wp-json\/wp\/v2\/pages"}],"about":[{"href":"https:\/\/menzimuck.sk\/de\/wp-json\/wp\/v2\/types\/page"}],"author":[{"embeddable":true,"href":"https:\/\/menzimuck.sk\/de\/wp-json\/wp\/v2\/users\/1"}],"replies":[{"embeddable":true,"href":"https:\/\/menzimuck.sk\/de\/wp-json\/wp\/v2\/comments?post=3857"}],"version-history":[{"count":101,"href":"https:\/\/menzimuck.sk\/de\/wp-json\/wp\/v2\/pages\/3857\/revisions"}],"predecessor-version":[{"id":4730,"href":"https:\/\/menzimuck.sk\/de\/wp-json\/wp\/v2\/pages\/3857\/revisions\/4730"}],"wp:attachment":[{"href":"https:\/\/menzimuck.sk\/de\/wp-json\/wp\/v2\/media?parent=3857"}],"curies":[{"name":"wp","href":"https:\/\/api.w.org\/{rel}","templated":true}]}}