{"id":3,"date":"2025-02-11T08:16:44","date_gmt":"2025-02-11T08:16:44","guid":{"rendered":"https:\/\/menzimuck.sk\/de\/?page_id=3"},"modified":"2025-05-27T15:54:01","modified_gmt":"2025-05-27T14:54:01","slug":"zasady-ochrany-osobnych-udajov","status":"publish","type":"page","link":"https:\/\/menzimuck.sk\/de\/zasady-ochrany-osobnych-udajov\/","title":{"rendered":"Z\u00e1sady ochrany osobn\u00fdch \u00fadajov"},"content":{"rendered":"<div class=\"wpb-content-wrapper\"><p>[vc_row tm_bgimagefixed=&#8220;&#8220; css=&#8220;.vc_custom_1745571087391{padding-top: 30px !important;padding-bottom: 49px !important;}&#8220;][vc_column]<h1 style=\"text-align:left;\" class=\"tm-custom-heading \" >Datenschutzerkl\u00e4rung<\/h1>\n[\/vc_column][\/vc_row][vc_row tm_bgimagefixed=&#8220;&#8220;][vc_column reduce_extra_padding=&#8220;1200&#8243;][vc_column_text css=&#8220;&#8220;]<strong>Letzte Aktualisierung:<\/strong> 25. apr\u00edla 2025<\/p>\n<p>Diese Datenschutzerkl\u00e4rung beschreibt, wie <strong>Menzi Muck Slovakia, a.s.<\/strong>, mit Sitz in: Hlohoveck\u00e1 4, 951 41 Lu\u017eianky, IDNr.: 36537365 (nachstehend \u201eUnternehmen\u201c oder \u201ef\u00fcr die Verarbeitung Verantwortlicher\u201c genannt), personenbezogene Daten der Besucher der Website <a href=\"https:\/\/www.menzimuck.sk\">www.menzimuck.sk<\/a>, gem\u00e4\u00df der DSGVO und den geltenden slowakischen Rechtsvorschriften verarbeitet.<\/p>\n<h2>1. Welche Daten werden von uns verarbeitet?<\/h2>\n<p>Bei der Nutzung unserer Website k\u00f6nnen wir die folgenden personenbezogenen Daten verarbeiten:<\/p>\n<ul>\n<li>Vor- und Nachname (wenn Sie diese im Formular angeben)<\/li>\n<li>Telefonnummer und E-Mail-Adresse<\/li>\n<li>IP-Adresse, Browsertyp und Betriebssystem<\/li>\n<li>Cookies und andere Identifikatoren f\u00fcr Marketing- und Analysezwecke<\/li>\n<\/ul>\n<h2>2. Wie sammeln wir Daten?<\/h2>\n<p>Wir sammeln Ihre personenbezogenen Daten:<\/p>\n<ul>\n<li>\u00fcber Kontaktformulare<\/li>\n<li>durch Cookies und Analysetools (z.B. Google Analytics, Smartlook)<\/li>\n<\/ul>\n<h2>3. Verarbeitungszweck der Daten<\/h2>\n<p>Wir verwenden Ihre Daten f\u00fcr die folgenden Zwecke:<\/p>\n<ul>\n<li>Bearbeitung von Anfragen und Kommunikation mit Kunden<\/li>\n<li>Verbesserung der Funktionalit\u00e4t der Website<\/li>\n<li>Analyse der Besucherquoten und des Besucherverhaltens<\/li>\n<li>Marketingzwecke (Versand von Newslettern, Werbeaktionen &#8211; nur mit Ihrer Zustimmung)<\/li>\n<\/ul>\n<h2>4. Cookies<\/h2>\n<p>Wir verwenden Cookies auf unserer Website. Bitte lesen Sie unsere <a href=\"\/pravidla-pouzivania-cookies\">Cookie-Erkl\u00e4rung f\u00fcr weitere Einzelheiten.<\/a>. Sie k\u00f6nnen Ihren Browser so einstellen, dass er Cookies ablehnt oder Sie \u00fcber Cookies informiert.<\/p>\n<h2>5. Wer hat Zugang zu den Daten?<\/h2>\n<p>Wir k\u00f6nnen Ihre Daten an folgende Dritte weiterleiten:<\/p>\n<ul>\n<li>Anbieter von Analysetools (z. B. Google Analytics, Smartlook)<\/li>\n<li>Webhosting-Unternehmen<\/li>\n<li>IT- und Web- Administratoren<\/li>\n<\/ul>\n<p>Wir haben mit allen unseren Partnern Vertr\u00e4ge zur Datenverarbeitung abgeschlossen.<\/p>\n<h2>6. Wie lange werden die Daten aufbewahrt?<\/h2>\n<p>Personenbezogene Daten werden so lange aufbewahrt, wie dies zur Erf\u00fcllung des Zwecks der Verarbeitung erforderlich ist, jedoch nicht l\u00e4nger als 5 Jahre, es sei denn, eine andere Aufbewahrungsfrist ist gesetzlich vorgeschrieben.<\/p>\n<h2>7. Audiovisuelle Datenspeicherung<\/h2>\n<p>Am Hauptsitz des Unternehmens ist ein Video\u00fcberwachungssystem installiert, mit dem ausgew\u00e4hlte Bereiche zum Schutz von Eigentum, Leben und Gesundheit \u00fcberwacht werden. Das Videomaterial wird maximal 72 Stunden lang aufbewahrt, es sei denn, es wird zur Untersuchung eines Vorfalls oder eines Versicherungsanspruchs verwendet. Ausf\u00fchrliche Informationen \u00fcber die Verarbeitung personenbezogener Daten durch das Videosystem finden Sie in dem Dokument<br \/>\n<a href=\"https:\/\/menzimuck.sk\/de\/wp-content\/uploads\/Smernica-pre-spracovanie-osobnych-udajov-kamerovym-systemom.pdf\" target=\"_blank\" rel=\"noopener\">Leitlinien f\u00fcr die Verarbeitung personenbezogener Daten durch Videosysteme (PDF)<\/a>.<\/p>\n<h2>8. Ihre Rechte<\/h2>\n<p>Sie haben das Recht:<\/p>\n<ul>\n<li>Zugang zu Ihren Daten zu beantragen<\/li>\n<li>die Berichtigung von unrichtigen Daten zu verlangen<\/li>\n<li>die L\u00f6schung von Daten zu verlangen (Recht auf Vergessenwerden)<\/li>\n<li>Widerspruch gegen die Verarbeitung der Daten einzulegen<\/li>\n<li>die Einschr\u00e4nkung der Verarbeitung zu verlangen<\/li>\n<\/ul>\n<p>Um Ihre Rechte auszu\u00fcben, wenden Sie sich bitte per E-Mail an&nbsp;<a href=\"mailto:info@menzimuck.sk\">info@menzimuck.sk<\/a>.<\/p>\n<h2>9. Sicherheit der Daten<\/h2>\n<p>Wir sch\u00fctzen Ihre Daten durch technische und organisatorische Ma\u00dfnahmen, die ihren Schutz vor Verlust, Missbrauch oder unberechtigtem Zugriff gew\u00e4hrleisten.<\/p>\n<h2>10. \u00c4nderungen der Datenschutzerkl\u00e4rung<\/h2>\n<p>Wir behalten uns das Recht vor, diese Erkl\u00e4rung jederzeit zu \u00e4ndern. Wir empfehlen Ihnen, diese Seite regelm\u00e4\u00dfig zu besuchen. Die aktualisierte Erkl\u00e4rung wird mit ihrer Ver\u00f6ffentlichung wirksam.<\/p>\n<p>Wenn Sie Fragen oder W\u00fcnsche bez\u00fcglich der Verarbeitung personenbezogener Daten haben, kontaktieren Sie uns bitte unter <a href=\"mailto:info@menzimuck.sk\">info@menzimuck.sk<\/a>.[\/vc_column_text][\/vc_column][\/vc_row]<\/p>\n<\/div>","protected":false},"excerpt":{"rendered":"<p>[vc_row tm_bgimagefixed=&#8220;&#8220; css=&#8220;.vc_custom_1745571087391{padding-top: 30px !important;padding-bottom: 49px !important;}&#8220;][vc_column][\/vc_column][\/vc_row][vc_row tm_bgimagefixed=&#8220;&#8220;][vc_column reduce_extra_padding=&#8220;1200&#8243;][vc_column_text css=&#8220;&#8220;]Letzte Aktualisierung: 25. apr\u00edla 2025 Diese Datenschutzerkl\u00e4rung beschreibt, wie Menzi Muck Slovakia, a.s., mit Sitz in: Hlohoveck\u00e1 4, 951 41 Lu\u017eianky, IDNr.: 36537365 (nachstehend \u201eUnternehmen\u201c oder \u201ef\u00fcr die Verarbeitung Verantwortlicher\u201c genannt), personenbezogene Daten der Besucher der Website www.menzimuck.sk, gem\u00e4\u00df der DSGVO und den geltenden slowakischen Rechtsvorschriften &hellip; <a href=\"https:\/\/menzimuck.sk\/de\/zasady-ochrany-osobnych-udajov\/\" class=\"more-link\">Continue reading <span class=\"screen-reader-text\">Z\u00e1sady ochrany osobn\u00fdch \u00fadajov<\/span><\/a><\/p>\n","protected":false},"author":1,"featured_media":0,"parent":0,"menu_order":0,"comment_status":"closed","ping_status":"open","template":"","meta":{"inline_featured_image":false,"_monsterinsights_skip_tracking":false,"_monsterinsights_sitenote_active":false,"_monsterinsights_sitenote_note":"","_monsterinsights_sitenote_category":0,"footnotes":""},"class_list":["post-3","page","type-page","status-publish","hentry"],"_links":{"self":[{"href":"https:\/\/menzimuck.sk\/de\/wp-json\/wp\/v2\/pages\/3","targetHints":{"allow":["GET"]}}],"collection":[{"href":"https:\/\/menzimuck.sk\/de\/wp-json\/wp\/v2\/pages"}],"about":[{"href":"https:\/\/menzimuck.sk\/de\/wp-json\/wp\/v2\/types\/page"}],"author":[{"embeddable":true,"href":"https:\/\/menzimuck.sk\/de\/wp-json\/wp\/v2\/users\/1"}],"replies":[{"embeddable":true,"href":"https:\/\/menzimuck.sk\/de\/wp-json\/wp\/v2\/comments?post=3"}],"version-history":[{"count":14,"href":"https:\/\/menzimuck.sk\/de\/wp-json\/wp\/v2\/pages\/3\/revisions"}],"predecessor-version":[{"id":4738,"href":"https:\/\/menzimuck.sk\/de\/wp-json\/wp\/v2\/pages\/3\/revisions\/4738"}],"wp:attachment":[{"href":"https:\/\/menzimuck.sk\/de\/wp-json\/wp\/v2\/media?parent=3"}],"curies":[{"name":"wp","href":"https:\/\/api.w.org\/{rel}","templated":true}]}}